{"id":35,"date":"2022-10-20T21:34:05","date_gmt":"2022-10-20T19:34:05","guid":{"rendered":"http:\/\/vtcsegu.cluster028.hosting.ovh.net\/?page_id=35"},"modified":"2024-01-10T14:05:19","modified_gmt":"2024-01-10T13:05:19","slug":"contact","status":"publish","type":"page","link":"https:\/\/www.philipperozes.fr\/index.php\/contact\/","title":{"rendered":"contact"},"content":{"rendered":"\n\n\n<p>For any question or comment, please contact me at : <\/p>\n\n\n\n<p>Pour toute question ou commentaire vous pouvez me contacter  : <\/p>\n\n\n\n<ul class=\"wp-block-list\">\n<li> <strong>PhilippeRozes_watercolor<\/strong> on Instagram<\/li>\n\n\n\n<li>or by email at <strong>philipperozes.watercolor@orange.fr<\/strong> <\/li>\n<\/ul>\n","protected":false},"excerpt":{"rendered":"<p>For any question or comment, please contact me at : Pour toute question ou commentaire vous pouvez me contacter :<\/p>\n","protected":false},"author":1,"featured_media":0,"parent":0,"menu_order":0,"comment_status":"closed","ping_status":"closed","template":"template-full.php","meta":{"footnotes":""},"class_list":["post-35","page","type-page","status-publish","hentry"],"yoast_head":"<!-- This site is optimized with the Yoast SEO plugin v27.5 - https:\/\/yoast.com\/product\/yoast-seo-wordpress\/ -->\n<title>contact - Philippe Roz\u00e8s<\/title>\n<meta name=\"robots\" content=\"index, follow, max-snippet:-1, max-image-preview:large, max-video-preview:-1\" \/>\n<link rel=\"canonical\" href=\"https:\/\/www.philipperozes.fr\/index.php\/contact\/\" \/>\n<meta property=\"og:locale\" content=\"fr_FR\" \/>\n<meta property=\"og:type\" content=\"article\" \/>\n<meta property=\"og:title\" content=\"contact - Philippe Roz\u00e8s\" \/>\n<meta property=\"og:description\" content=\"For any question or comment, please contact me at : Pour toute question ou commentaire vous pouvez me contacter :\" \/>\n<meta property=\"og:url\" content=\"https:\/\/www.philipperozes.fr\/index.php\/contact\/\" \/>\n<meta property=\"og:site_name\" content=\"Philippe Roz\u00e8s\" \/>\n<meta property=\"article:modified_time\" content=\"2024-01-10T13:05:19+00:00\" \/>\n<meta name=\"twitter:card\" content=\"summary_large_image\" \/>\n<meta name=\"twitter:label1\" content=\"Dur\u00e9e de lecture estim\u00e9e\" \/>\n\t<meta name=\"twitter:data1\" content=\"1 minute\" \/>\n<script type=\"application\/ld+json\" class=\"yoast-schema-graph\">{\"@context\":\"https:\\\/\\\/schema.org\",\"@graph\":[{\"@type\":\"WebPage\",\"@id\":\"https:\\\/\\\/www.philipperozes.fr\\\/index.php\\\/contact\\\/\",\"url\":\"https:\\\/\\\/www.philipperozes.fr\\\/index.php\\\/contact\\\/\",\"name\":\"contact - Philippe Roz\u00e8s\",\"isPartOf\":{\"@id\":\"https:\\\/\\\/www.philipperozes.fr\\\/#website\"},\"datePublished\":\"2022-10-20T19:34:05+00:00\",\"dateModified\":\"2024-01-10T13:05:19+00:00\",\"breadcrumb\":{\"@id\":\"https:\\\/\\\/www.philipperozes.fr\\\/index.php\\\/contact\\\/#breadcrumb\"},\"inLanguage\":\"fr-FR\",\"potentialAction\":[{\"@type\":\"ReadAction\",\"target\":[\"https:\\\/\\\/www.philipperozes.fr\\\/index.php\\\/contact\\\/\"]}]},{\"@type\":\"BreadcrumbList\",\"@id\":\"https:\\\/\\\/www.philipperozes.fr\\\/index.php\\\/contact\\\/#breadcrumb\",\"itemListElement\":[{\"@type\":\"ListItem\",\"position\":1,\"name\":\"Accueil\",\"item\":\"https:\\\/\\\/www.philipperozes.fr\\\/\"},{\"@type\":\"ListItem\",\"position\":2,\"name\":\"contact\"}]},{\"@type\":\"WebSite\",\"@id\":\"https:\\\/\\\/www.philipperozes.fr\\\/#website\",\"url\":\"https:\\\/\\\/www.philipperozes.fr\\\/\",\"name\":\"Philippe Roz\u00e8s\",\"description\":\"watercolors\",\"publisher\":{\"@id\":\"https:\\\/\\\/www.philipperozes.fr\\\/#\\\/schema\\\/person\\\/5edafc45f8b89911ceddd1d470b2e908\"},\"potentialAction\":[{\"@type\":\"SearchAction\",\"target\":{\"@type\":\"EntryPoint\",\"urlTemplate\":\"https:\\\/\\\/www.philipperozes.fr\\\/?s={search_term_string}\"},\"query-input\":{\"@type\":\"PropertyValueSpecification\",\"valueRequired\":true,\"valueName\":\"search_term_string\"}}],\"inLanguage\":\"fr-FR\"},{\"@type\":[\"Person\",\"Organization\"],\"@id\":\"https:\\\/\\\/www.philipperozes.fr\\\/#\\\/schema\\\/person\\\/5edafc45f8b89911ceddd1d470b2e908\",\"name\":\"Philippe Rozes\",\"image\":{\"@type\":\"ImageObject\",\"inLanguage\":\"fr-FR\",\"@id\":\"https:\\\/\\\/secure.gravatar.com\\\/avatar\\\/c7125c83b62bc4056c838637f7f1585b1949318c9c8f181b3351296d2ea8aa9e?s=96&d=mm&r=g\",\"url\":\"https:\\\/\\\/secure.gravatar.com\\\/avatar\\\/c7125c83b62bc4056c838637f7f1585b1949318c9c8f181b3351296d2ea8aa9e?s=96&d=mm&r=g\",\"contentUrl\":\"https:\\\/\\\/secure.gravatar.com\\\/avatar\\\/c7125c83b62bc4056c838637f7f1585b1949318c9c8f181b3351296d2ea8aa9e?s=96&d=mm&r=g\",\"caption\":\"Philippe Rozes\"},\"logo\":{\"@id\":\"https:\\\/\\\/secure.gravatar.com\\\/avatar\\\/c7125c83b62bc4056c838637f7f1585b1949318c9c8f181b3351296d2ea8aa9e?s=96&d=mm&r=g\"},\"sameAs\":[\"http:\\\/\\\/vtcsegu.cluster028.hosting.ovh.net\",\"https:\\\/\\\/www.instagram.com\\\/philipperozes_watercolor\\\/\"]}]}<\/script>\n<!-- \/ Yoast SEO plugin. -->","yoast_head_json":{"title":"contact - Philippe Roz\u00e8s","robots":{"index":"index","follow":"follow","max-snippet":"max-snippet:-1","max-image-preview":"max-image-preview:large","max-video-preview":"max-video-preview:-1"},"canonical":"https:\/\/www.philipperozes.fr\/index.php\/contact\/","og_locale":"fr_FR","og_type":"article","og_title":"contact - Philippe Roz\u00e8s","og_description":"For any question or comment, please contact me at : Pour toute question ou commentaire vous pouvez me contacter :","og_url":"https:\/\/www.philipperozes.fr\/index.php\/contact\/","og_site_name":"Philippe Roz\u00e8s","article_modified_time":"2024-01-10T13:05:19+00:00","twitter_card":"summary_large_image","twitter_misc":{"Dur\u00e9e de lecture estim\u00e9e":"1 minute"},"schema":{"@context":"https:\/\/schema.org","@graph":[{"@type":"WebPage","@id":"https:\/\/www.philipperozes.fr\/index.php\/contact\/","url":"https:\/\/www.philipperozes.fr\/index.php\/contact\/","name":"contact - Philippe Roz\u00e8s","isPartOf":{"@id":"https:\/\/www.philipperozes.fr\/#website"},"datePublished":"2022-10-20T19:34:05+00:00","dateModified":"2024-01-10T13:05:19+00:00","breadcrumb":{"@id":"https:\/\/www.philipperozes.fr\/index.php\/contact\/#breadcrumb"},"inLanguage":"fr-FR","potentialAction":[{"@type":"ReadAction","target":["https:\/\/www.philipperozes.fr\/index.php\/contact\/"]}]},{"@type":"BreadcrumbList","@id":"https:\/\/www.philipperozes.fr\/index.php\/contact\/#breadcrumb","itemListElement":[{"@type":"ListItem","position":1,"name":"Accueil","item":"https:\/\/www.philipperozes.fr\/"},{"@type":"ListItem","position":2,"name":"contact"}]},{"@type":"WebSite","@id":"https:\/\/www.philipperozes.fr\/#website","url":"https:\/\/www.philipperozes.fr\/","name":"Philippe Roz\u00e8s","description":"watercolors","publisher":{"@id":"https:\/\/www.philipperozes.fr\/#\/schema\/person\/5edafc45f8b89911ceddd1d470b2e908"},"potentialAction":[{"@type":"SearchAction","target":{"@type":"EntryPoint","urlTemplate":"https:\/\/www.philipperozes.fr\/?s={search_term_string}"},"query-input":{"@type":"PropertyValueSpecification","valueRequired":true,"valueName":"search_term_string"}}],"inLanguage":"fr-FR"},{"@type":["Person","Organization"],"@id":"https:\/\/www.philipperozes.fr\/#\/schema\/person\/5edafc45f8b89911ceddd1d470b2e908","name":"Philippe Rozes","image":{"@type":"ImageObject","inLanguage":"fr-FR","@id":"https:\/\/secure.gravatar.com\/avatar\/c7125c83b62bc4056c838637f7f1585b1949318c9c8f181b3351296d2ea8aa9e?s=96&d=mm&r=g","url":"https:\/\/secure.gravatar.com\/avatar\/c7125c83b62bc4056c838637f7f1585b1949318c9c8f181b3351296d2ea8aa9e?s=96&d=mm&r=g","contentUrl":"https:\/\/secure.gravatar.com\/avatar\/c7125c83b62bc4056c838637f7f1585b1949318c9c8f181b3351296d2ea8aa9e?s=96&d=mm&r=g","caption":"Philippe Rozes"},"logo":{"@id":"https:\/\/secure.gravatar.com\/avatar\/c7125c83b62bc4056c838637f7f1585b1949318c9c8f181b3351296d2ea8aa9e?s=96&d=mm&r=g"},"sameAs":["http:\/\/vtcsegu.cluster028.hosting.ovh.net","https:\/\/www.instagram.com\/philipperozes_watercolor\/"]}]}},"_links":{"self":[{"href":"https:\/\/www.philipperozes.fr\/index.php\/wp-json\/wp\/v2\/pages\/35","targetHints":{"allow":["GET"]}}],"collection":[{"href":"https:\/\/www.philipperozes.fr\/index.php\/wp-json\/wp\/v2\/pages"}],"about":[{"href":"https:\/\/www.philipperozes.fr\/index.php\/wp-json\/wp\/v2\/types\/page"}],"author":[{"embeddable":true,"href":"https:\/\/www.philipperozes.fr\/index.php\/wp-json\/wp\/v2\/users\/1"}],"replies":[{"embeddable":true,"href":"https:\/\/www.philipperozes.fr\/index.php\/wp-json\/wp\/v2\/comments?post=35"}],"version-history":[{"count":5,"href":"https:\/\/www.philipperozes.fr\/index.php\/wp-json\/wp\/v2\/pages\/35\/revisions"}],"predecessor-version":[{"id":553,"href":"https:\/\/www.philipperozes.fr\/index.php\/wp-json\/wp\/v2\/pages\/35\/revisions\/553"}],"wp:attachment":[{"href":"https:\/\/www.philipperozes.fr\/index.php\/wp-json\/wp\/v2\/media?parent=35"}],"curies":[{"name":"wp","href":"https:\/\/api.w.org\/{rel}","templated":true}]}}